{"id":634,"date":"2018-06-01T19:59:47","date_gmt":"2018-06-01T19:59:47","guid":{"rendered":"https:\/\/soft-agile.com\/impressum"},"modified":"2019-04-29T14:14:18","modified_gmt":"2019-04-29T14:14:18","slug":"impressum","status":"publish","type":"page","link":"https:\/\/soft-agile.com\/de\/impressum","title":{"rendered":"impressum"},"content":{"rendered":"<p>[et_pb_section bb_built=&#8220;1&#8243; _builder_version=&#8220;3.0.106&#8243; background_color=&#8220;rgba(76,205,222,0.64)&#8220;][et_pb_row _builder_version=&#8220;3.0.106&#8243; module_alignment=&#8220;center&#8220;][et_pb_column type=&#8220;4_4&#8243;][et_pb_text _builder_version=&#8220;3.21.2&#8243; text_font=&#8220;|300|||||||&#8220; z_index_tablet=&#8220;500&#8243;]<\/p>\n<h1>impressum<\/h1>\n<p><strong>soft agile GmbH<\/strong><br \/>\nIm Fuchswinkel 7<br \/>\n83670 Bad Heilbrunn<\/p>\n<p><strong>Vertreten durch den Gesch\u00e4ftsf\u00fchrer:<\/strong><br \/>\nMatthias Prams<\/p>\n<p><strong>Registernummer:<\/strong><br \/>\nHRB 239742<br \/>\nAmtsgericht M\u00fcnchen<\/p>\n<p><strong>Umsatzsteuer-Identifikationsnummer gem\u00e4\u00df \u00a727 UStG:<br \/>\n<\/strong>DE318056148<\/p>\n<p><strong>Inhaltlich Verantwortlicher:<\/strong><br \/>\nMatthias Prams<\/p>\n<p><strong>Kontakt:<\/strong><br \/>\nwebmaster@soft-agile.com<br \/>\n+49 (0) 8046 240 99 33<\/p>\n<p>[\/et_pb_text][\/et_pb_column][\/et_pb_row][\/et_pb_section]<\/p>\n","protected":false},"excerpt":{"rendered":"<p>impressum soft agile GmbH Im Fuchswinkel 7 83670 Bad Heilbrunn Vertreten durch den Gesch\u00e4ftsf\u00fchrer: Matthias Prams Registernummer: HRB 239742 Amtsgericht M\u00fcnchen Umsatzsteuer-Identifikationsnummer gem\u00e4\u00df \u00a727 UStG: DE318056148 Inhaltlich Verantwortlicher: Matthias Prams Kontakt: webmaster@soft-agile.com +49 (0) 8046 240 99 33<\/p>\n","protected":false},"author":1,"featured_media":0,"parent":0,"menu_order":0,"comment_status":"closed","ping_status":"closed","template":"","meta":{"_et_pb_use_builder":"on","_et_pb_old_content":"<p>soft agile GmbH<br \/> Im Fuchswinkel 7<br \/> 83670 Bad Heilbrunn<\/p><p><strong>Vertretungsberechtigter Gesch\u00e4ftsf\u00fchrer:<\/strong><br \/> Matthias Prams<\/p><p><strong>Registergericht:<\/strong><br \/> Amtsgericht M\u00fcnchen<\/p><p><strong>Registernummer:<\/strong><br \/> HRB 239742<\/p><p><strong>Umsatzsteuer-Identifikationsnummer gem\u00e4\u00df \u00a727 UStG:<\/strong><br \/> noch nicht vorhanden<\/p><p><strong>Inhaltlich Verantwortlicher:<\/strong><br \/> Matthias Prams<\/p>","_et_gb_content_width":"","footnotes":""},"class_list":["post-634","page","type-page","status-publish","hentry"],"_links":{"self":[{"href":"https:\/\/soft-agile.com\/de\/wp-json\/wp\/v2\/pages\/634","targetHints":{"allow":["GET"]}}],"collection":[{"href":"https:\/\/soft-agile.com\/de\/wp-json\/wp\/v2\/pages"}],"about":[{"href":"https:\/\/soft-agile.com\/de\/wp-json\/wp\/v2\/types\/page"}],"author":[{"embeddable":true,"href":"https:\/\/soft-agile.com\/de\/wp-json\/wp\/v2\/users\/1"}],"replies":[{"embeddable":true,"href":"https:\/\/soft-agile.com\/de\/wp-json\/wp\/v2\/comments?post=634"}],"version-history":[{"count":24,"href":"https:\/\/soft-agile.com\/de\/wp-json\/wp\/v2\/pages\/634\/revisions"}],"predecessor-version":[{"id":1648,"href":"https:\/\/soft-agile.com\/de\/wp-json\/wp\/v2\/pages\/634\/revisions\/1648"}],"wp:attachment":[{"href":"https:\/\/soft-agile.com\/de\/wp-json\/wp\/v2\/media?parent=634"}],"curies":[{"name":"wp","href":"https:\/\/api.w.org\/{rel}","templated":true}]}}